{"id":987498314,"date":"2024-06-05T12:01:15","date_gmt":"2024-06-05T10:01:15","guid":{"rendered":"https:\/\/dalmatinum.com\/ueber-mich\/"},"modified":"2024-06-07T14:03:48","modified_gmt":"2024-06-07T12:03:48","slug":"ueber-mich","status":"publish","type":"page","link":"https:\/\/dalmatinum.com\/de\/ueber-mich\/","title":{"rendered":"\u00dcber mich"},"content":{"rendered":"<p>[et_pb_section fb_built=&#8221;1&#8243; _builder_version=&#8221;4.16&#8243; _module_preset=&#8221;default&#8221; background_image=&#8221;https:\/\/elements.duogeeks.com\/wp-content\/uploads\/2020\/11\/image_welcome.png&#8221; background_size=&#8221;contain&#8221; background_position=&#8221;top_left&#8221; da_disable_devices=&#8221;off|off|off&#8221; global_colors_info=&#8221;{}&#8221; da_is_popup=&#8221;off&#8221; da_exit_intent=&#8221;off&#8221; da_has_close=&#8221;on&#8221; da_alt_close=&#8221;off&#8221; da_dark_close=&#8221;off&#8221; da_not_modal=&#8221;on&#8221; da_is_singular=&#8221;off&#8221; da_with_loader=&#8221;off&#8221; da_has_shadow=&#8221;on&#8221;][et_pb_row column_structure=&#8221;1_2,1_2&#8243; use_custom_gutter=&#8221;on&#8221; make_equal=&#8221;on&#8221; _builder_version=&#8221;4.25.1&#8243; _module_preset=&#8221;default&#8221; global_colors_info=&#8221;{}&#8221;][et_pb_column type=&#8221;1_2&#8243; _builder_version=&#8221;4.16&#8243; _module_preset=&#8221;default&#8221; global_colors_info=&#8221;{}&#8221;][et_pb_image src=&#8221;https:\/\/dalmatinum.com\/wp-content\/uploads\/2024\/06\/o-mne-1.jpeg&#8221; title_text=&#8221;o mne\u030c (1)&#8221; _builder_version=&#8221;4.25.1&#8243; _module_preset=&#8221;default&#8221; scroll_vertical_motion_enable=&#8221;on&#8221; scroll_vertical_motion=&#8221;0|10|100|100|4|0|-4&#8243; global_colors_info=&#8221;{}&#8221;][\/et_pb_image][\/et_pb_column][et_pb_column type=&#8221;1_2&#8243; _builder_version=&#8221;4.16&#8243; _module_preset=&#8221;default&#8221; custom_css_main_element=&#8221;margin:auto;&#8221; global_colors_info=&#8221;{}&#8221;][et_pb_text _builder_version=&#8221;4.25.1&#8243; _module_preset=&#8221;default&#8221; text_font=&#8221;Noto Serif|700|||||||&#8221; text_text_color=&#8221;#ffffff&#8221; text_font_size=&#8221;70px&#8221; text_line_height=&#8221;1.8em&#8221; header_font=&#8221;Noto Serif|700|||||||&#8221; header_text_color=&#8221;#000000&#8243; header_font_size=&#8221;64px&#8221; header_line_height=&#8221;1.1em&#8221; header_3_font=&#8221;Noto Serif||||||||&#8221; header_3_font_size=&#8221;30px&#8221; custom_margin=&#8221;-10px||21px||false|false&#8221; animation_style=&#8221;slide&#8221; animation_direction=&#8221;bottom&#8221; hover_enabled=&#8221;0&#8243; locked=&#8221;off&#8221; global_colors_info=&#8221;{}&#8221; sticky_enabled=&#8221;0&#8243; custom_margin_last_edited=&#8221;on|phone&#8221; custom_margin_phone=&#8221;0px||||false|false&#8221; custom_margin_tablet=&#8221;-10px||21px||false|false&#8221;]<\/p>\n<h3><b>O mn\u011b<\/b><\/h3>\n<p>[\/et_pb_text][et_pb_text _builder_version=&#8221;4.25.1&#8243; _module_preset=&#8221;default&#8221; text_font=&#8221;||||||||&#8221; text_text_color=&#8221;#2e2e2e&#8221; text_font_size=&#8221;15px&#8221; text_line_height=&#8221;1.8em&#8221; header_font=&#8221;Noto Serif|700|||||||&#8221; header_text_color=&#8221;#ffffff&#8221; header_font_size=&#8221;64px&#8221; header_line_height=&#8221;1.1em&#8221; animation_style=&#8221;slide&#8221; animation_direction=&#8221;bottom&#8221; text_line_height_tablet=&#8221;1.8em&#8221; text_line_height_phone=&#8221;1.8em&#8221; text_line_height_last_edited=&#8221;on|phone&#8221; locked=&#8221;off&#8221; global_colors_info=&#8221;{}&#8221;]<\/p>\n<p><span style=\"font-weight: 400;\">Vystudovala jsem lingvistick\u00fd a pedagogick\u00fd obor (zam\u011b\u0159en\u00fd na lidi se speci\u00e1ln\u00edmi pot\u0159ebami). Souhrou \u017eivotn\u00edch okolnost\u00ed jsem se nicm\u00e9n\u011b pozd\u011bji dostala do byznysu (obor pr\u00e1vn\u00ed z\u00e1le\u017eitosti a finance). Prim\u00e1rn\u011b proto, abych m\u011bla prostor postarat se o rodinn\u00e9 a soukrom\u00e9 v\u011bci, o kter\u00e9 jsem se v\u00a0t\u00e9 dob\u011b musela a pot\u0159ebovala postarat. V\u00a0tomto oboru jsem z\u00faro\u010dila to, co m\u011b prov\u00e1z\u00ed od \u0161koly \u2013 neum\u00edm d\u011blat v\u011bci na p\u016fl. Ani na t\u0159i\u010dtvrt\u011b. (Jen 100% dobr\u00e9 je dostate\u010dn\u011b dobr\u00e9). V\u00fdsledkem toho jsou spokojen\u00ed klienti, kte\u0159\u00ed se dodnes r\u00e1di vrac\u00ed. Trouf\u00e1m si \u0159\u00edct, \u017ee snad podv\u011bdom\u011b c\u00edt\u00ed, \u017ee osob\u011b na druh\u00e9 stran\u011b nejde jen o osobn\u00ed prosp\u011bch, ale d\u011bl\u00e1 pr\u00e1ci pe\u010dliv\u011b a srdcem. (To se pozn\u00e1 v\u017edycky a u ka\u017ed\u00e9 pr\u00e1ce). Tajemstv\u00ed je ale jednoduch\u00e9\u00a0 &#8211; zkr\u00e1tka to d\u011bl\u00e1m tak, abych se za sebe nemusela styd\u011bt.\u00a0<\/span><\/p>\n<p><span style=\"font-weight: 400;\">Sna\u017e\u00edm se b\u00fdt dobr\u00e1 m\u00e1ma, u\u010ditelka a kamar\u00e1dka sv\u00fdm d\u011btem. Studuji jazyky, \u010dtu a zaj\u00edm\u00e1m se o psychologii a seberozvoj (jakkoliv je to dnes nadu\u017e\u00edvan\u00e9 slovo). Ide\u00e1ln\u011b str\u00e1ven\u00fd \u010das je pro m\u011b podve\u010dern\u00ed proch\u00e1zka s\u00a0rodinou a se psem, kde si v\u0161\u00edm\u00e1me kr\u00e1sy v\u00a0mali\u010dkostech\u2026 (Ve tvaru kamene, divok\u00fdch rostlin\u00e1ch a nebo zv\u00ed\u0159atech, kter\u00e9 cestou potk\u00e1me).\u00a0<\/span><\/p>\n<p><span style=\"font-weight: 400;\">Moje filozofie: \u010clov\u011bk se m\u00e1 pokusit j\u00edt za sv\u00fdm snem, jakkoliv je to na prvn\u00ed pohled slo\u017eit\u00e9 \u010di snad dokonce nerozumn\u00e9. \u017divot je kr\u00e1tk\u00fd. Ud\u011blat prvn\u00ed krok je polovina \u00fasp\u011bchu. Jen ho ud\u011blat.\u00a0<\/span><\/p>\n<p><span style=\"font-weight: 400;\">Poj\u010fte ho ud\u011blat i Vy! \ud83d\ude42<\/span><\/p>\n<p>[\/et_pb_text][\/et_pb_column][\/et_pb_row][\/et_pb_section]<\/p>\n","protected":false},"excerpt":{"rendered":"<p>O mn\u011bVystudovala jsem lingvistick\u00fd a pedagogick\u00fd obor (zam\u011b\u0159en\u00fd na lidi se speci\u00e1ln\u00edmi pot\u0159ebami). Souhrou \u017eivotn\u00edch okolnost\u00ed jsem se nicm\u00e9n\u011b pozd\u011bji dostala do byznysu (obor pr\u00e1vn\u00ed z\u00e1le\u017eitosti a finance). Prim\u00e1rn\u011b proto, abych m\u011bla prostor postarat se o rodinn\u00e9 a soukrom\u00e9 v\u011bci, o kter\u00e9 jsem se v\u00a0t\u00e9 dob\u011b musela a pot\u0159ebovala postarat. V\u00a0tomto oboru jsem z\u00faro\u010dila to, [&hellip;]<\/p>\n","protected":false},"author":2,"featured_media":0,"parent":0,"menu_order":0,"comment_status":"closed","ping_status":"closed","template":"","meta":{"_et_pb_use_builder":"on","_et_pb_old_content":"","_et_gb_content_width":"","footnotes":""},"class_list":["post-987498314","page","type-page","status-publish","hentry"],"aioseo_notices":[],"_links":{"self":[{"href":"https:\/\/dalmatinum.com\/de\/wp-json\/wp\/v2\/pages\/987498314","targetHints":{"allow":["GET"]}}],"collection":[{"href":"https:\/\/dalmatinum.com\/de\/wp-json\/wp\/v2\/pages"}],"about":[{"href":"https:\/\/dalmatinum.com\/de\/wp-json\/wp\/v2\/types\/page"}],"author":[{"embeddable":true,"href":"https:\/\/dalmatinum.com\/de\/wp-json\/wp\/v2\/users\/2"}],"replies":[{"embeddable":true,"href":"https:\/\/dalmatinum.com\/de\/wp-json\/wp\/v2\/comments?post=987498314"}],"version-history":[{"count":1,"href":"https:\/\/dalmatinum.com\/de\/wp-json\/wp\/v2\/pages\/987498314\/revisions"}],"predecessor-version":[{"id":987498317,"href":"https:\/\/dalmatinum.com\/de\/wp-json\/wp\/v2\/pages\/987498314\/revisions\/987498317"}],"wp:attachment":[{"href":"https:\/\/dalmatinum.com\/de\/wp-json\/wp\/v2\/media?parent=987498314"}],"curies":[{"name":"wp","href":"https:\/\/api.w.org\/{rel}","templated":true}]}}