{"id":987498320,"date":"2024-06-06T11:36:45","date_gmt":"2024-06-06T09:36:45","guid":{"rendered":"https:\/\/dalmatinum.com\/warum-dalmatien\/"},"modified":"2024-06-10T12:26:06","modified_gmt":"2024-06-10T10:26:06","slug":"warum-dalmatien","status":"publish","type":"page","link":"https:\/\/dalmatinum.com\/de\/warum-dalmatien\/","title":{"rendered":"Warum Dalmatien?"},"content":{"rendered":"<p>[et_pb_section fb_built=&#8221;1&#8243; custom_padding_last_edited=&#8221;on|phone&#8221; _builder_version=&#8221;4.25.1&#8243; _module_preset=&#8221;default&#8221; custom_padding=&#8221;||23px||false|false&#8221; custom_padding_tablet=&#8221;100px||23px||false|false&#8221; custom_padding_phone=&#8221;20px||23px||false|false&#8221; da_disable_devices=&#8221;off|off|off&#8221; global_colors_info=&#8221;{}&#8221; da_is_popup=&#8221;off&#8221; da_exit_intent=&#8221;off&#8221; da_has_close=&#8221;on&#8221; da_alt_close=&#8221;off&#8221; da_dark_close=&#8221;off&#8221; da_not_modal=&#8221;on&#8221; da_is_singular=&#8221;off&#8221; da_with_loader=&#8221;off&#8221; da_has_shadow=&#8221;on&#8221;][et_pb_row column_structure=&#8221;1_2,1_2&#8243; use_custom_gutter=&#8221;on&#8221; make_equal=&#8221;on&#8221; _builder_version=&#8221;4.16&#8243; _module_preset=&#8221;default&#8221; custom_padding=&#8221;||0px|||&#8221; global_colors_info=&#8221;{}&#8221;][et_pb_column type=&#8221;1_2&#8243; _builder_version=&#8221;4.16&#8243; _module_preset=&#8221;default&#8221; global_colors_info=&#8221;{}&#8221;][et_pb_image src=&#8221;https:\/\/dalmatinum.com\/wp-content\/uploads\/2024\/06\/iStock-1214588105.jpg&#8221; title_text=&#8221;Die Bucht von Vrsi und die Ruine der Kirche des heiligen Lovre aus der Vogelperspektive&#8221; _builder_version=&#8221;4.25.1&#8243; _module_preset=&#8221;default&#8221; scroll_scaling_enable=&#8221;on&#8221; global_colors_info=&#8221;{}&#8221;][\/et_pb_image][\/et_pb_column][et_pb_column type=&#8221;1_2&#8243; _builder_version=&#8221;4.16&#8243; _module_preset=&#8221;default&#8221; custom_css_main_element=&#8221;margin:auto;&#8221; global_colors_info=&#8221;{}&#8221;][et_pb_text _builder_version=&#8221;4.25.1&#8243; _module_preset=&#8221;default&#8221; text_font=&#8221;Noto Serif|700|||||||&#8221; text_text_color=&#8221;#ffffff&#8221; text_font_size=&#8221;70px&#8221; text_line_height=&#8221;1.8em&#8221; header_font=&#8221;Noto Serif|700|||||||&#8221; header_text_color=&#8221;#000000&#8243; header_font_size=&#8221;64px&#8221; header_line_height=&#8221;1.1em&#8221; header_3_font=&#8221;Noto Serif|700|||||||&#8221; header_3_text_color=&#8221;#000000&#8243; header_3_font_size=&#8221;30px&#8221; min_height=&#8221;27px&#8221; custom_margin=&#8221;-2px||||false|false&#8221; animation_style=&#8221;slide&#8221; animation_direction=&#8221;bottom&#8221; locked=&#8221;off&#8221; global_colors_info=&#8221;{}&#8221;]<\/p>\n<h3>Warum Dalmatien?<\/h3>\n<p>[\/et_pb_text][et_pb_text _builder_version=&#8221;4.25.1&#8243; _module_preset=&#8221;default&#8221; text_font=&#8221;||||||||&#8221; text_text_color=&#8221;#2e2e2e&#8221; text_font_size=&#8221;16px&#8221; text_line_height=&#8221;1.8em&#8221; header_font=&#8221;Noto Serif|700|||||||&#8221; header_text_color=&#8221;#ffffff&#8221; header_font_size=&#8221;64px&#8221; header_line_height=&#8221;1.1em&#8221; animation_style=&#8221;slide&#8221; animation_direction=&#8221;bottom&#8221; text_font_size_tablet=&#8221;16px&#8221; text_font_size_phone=&#8221;15px&#8221; text_font_size_last_edited=&#8221;on|phone&#8221; locked=&#8221;off&#8221; global_colors_info=&#8221;{}&#8221;]<\/p>\n<p><span style=\"font-weight: 400;\">Es sind nicht nur die ausgezeichneten Flugverbindungen und die kurze Fahrstrecke.  <\/span><\/p>\n<p><span style=\"font-weight: 400;\">Es ist auch ein kristallklares Meer mit reichem Unterwasserleben<\/span><\/p>\n<p><span style=\"font-weight: 400;\">Aber sie sind auch au\u00dfergew\u00f6hnliche <\/span><span style=\"font-weight: 400;\">Orte, an denen Sie praktisch allein sein k\u00f6nnen<\/span><span style=\"font-weight: 400;\"> (was heutzutage ziemlich selten ist). <\/span> <\/p>\n<p>[\/et_pb_text][\/et_pb_column][\/et_pb_row][\/et_pb_section][et_pb_section fb_built=&#8221;1&#8243; _builder_version=&#8221;4.25.1&#8243; _module_preset=&#8221;default&#8221; custom_padding=&#8221;0px|||||&#8221; hover_enabled=&#8221;0&#8243; da_disable_devices=&#8221;off|off|off&#8221; global_colors_info=&#8221;{}&#8221; custom_padding_last_edited=&#8221;on|phone&#8221; custom_padding_phone=&#8221;0px||0px||false|false&#8221; sticky_enabled=&#8221;0&#8243; da_is_popup=&#8221;off&#8221; da_exit_intent=&#8221;off&#8221; da_has_close=&#8221;on&#8221; da_alt_close=&#8221;off&#8221; da_dark_close=&#8221;off&#8221; da_not_modal=&#8221;on&#8221; da_is_singular=&#8221;off&#8221; da_with_loader=&#8221;off&#8221; da_has_shadow=&#8221;on&#8221; custom_padding_tablet=&#8221;0px|||||&#8221;][et_pb_row _builder_version=&#8221;4.25.1&#8243; _module_preset=&#8221;default&#8221; custom_padding=&#8221;0px|||||&#8221; global_colors_info=&#8221;{}&#8221;][et_pb_column type=&#8221;4_4&#8243; _builder_version=&#8221;4.25.1&#8243; _module_preset=&#8221;default&#8221; global_colors_info=&#8221;{}&#8221;][et_pb_text _builder_version=&#8221;4.25.1&#8243; _module_preset=&#8221;default&#8221; text_font=&#8221;||||||||&#8221; text_text_color=&#8221;#000000&#8243; text_font_size=&#8221;16px&#8221; text_line_height=&#8221;1.8em&#8221; header_font=&#8221;Noto Serif|700|||||||&#8221; header_text_color=&#8221;#ffffff&#8221; header_font_size=&#8221;64px&#8221; header_line_height=&#8221;1.1em&#8221; animation_style=&#8221;slide&#8221; animation_direction=&#8221;bottom&#8221; text_font_size_tablet=&#8221;16px&#8221; text_font_size_phone=&#8221;15px&#8221; text_font_size_last_edited=&#8221;on|phone&#8221; locked=&#8221;off&#8221; global_colors_info=&#8221;{}&#8221;]<\/p>\n<p><span style=\"font-weight: 400;\">Und es sind vor allem die Menschen, die der Landschaft ihren unverwechselbaren Charakter verleihen. Ihr Flei\u00df, ihre Geradlinigkeit, ihre Fairness, ihre Liebe zu ihrem Land, ihr allgegenw\u00e4rtiger Glaube, aber auch ihre Entspannung und ihr Verst\u00e4ndnis. au\u00dfergew\u00f6hnliche Gastfreundschaft und Freundlichkeit, die direkt aus dem Herzen kommt.<\/span><\/p>\n<p><span style=\"font-weight: 400;\">Das majest\u00e4tische Velebit-Gebirge, das das ganze Jahr \u00fcber f\u00fcr ein angenehmes und stabiles Klima sorgt, die Nationalparks, Fl\u00fcsse mit Wasserf\u00e4llen, die Sch\u00f6nheit des Steins in allen Formen und die lebendigen historischen St\u00e4dte sind das Sahneh\u00e4ubchen auf dem Ganzen. Und zusammen mit dem anderen (und ebenso wichtigen) sind sie die Antwort auf die Frage &#8220;Warum hier&#8221;.  <\/span><\/p>\n<p>[\/et_pb_text][\/et_pb_column][\/et_pb_row][\/et_pb_section][et_pb_section fb_built=&#8221;1&#8243; admin_label=&#8221;Sekce &#8211; Popis&#8221; _builder_version=&#8221;4.25.1&#8243; _module_preset=&#8221;default&#8221; custom_padding=&#8221;0px||80px||false|false&#8221; hover_enabled=&#8221;0&#8243; da_disable_devices=&#8221;off|off|off&#8221; global_colors_info=&#8221;{}&#8221; theme_builder_area=&#8221;post_content&#8221; sticky_enabled=&#8221;0&#8243; da_is_popup=&#8221;off&#8221; da_exit_intent=&#8221;off&#8221; da_has_close=&#8221;on&#8221; da_alt_close=&#8221;off&#8221; da_dark_close=&#8221;off&#8221; da_not_modal=&#8221;on&#8221; da_is_singular=&#8221;off&#8221; da_with_loader=&#8221;off&#8221; da_has_shadow=&#8221;on&#8221;][et_pb_row _builder_version=&#8221;4.25.1&#8243; _module_preset=&#8221;default&#8221; global_colors_info=&#8221;{}&#8221; theme_builder_area=&#8221;post_content&#8221;][et_pb_column type=&#8221;4_4&#8243; _builder_version=&#8221;4.16&#8243; _module_preset=&#8221;default&#8221; global_colors_info=&#8221;{}&#8221; theme_builder_area=&#8221;post_content&#8221;][et_pb_divider color=&#8221;#996699&#8243; divider_weight=&#8221;4px&#8221; _builder_version=&#8221;4.25.1&#8243; _module_preset=&#8221;default&#8221; width=&#8221;17%&#8221; animation_style=&#8221;slide&#8221; animation_direction=&#8221;bottom&#8221; locked=&#8221;off&#8221; global_colors_info=&#8221;{}&#8221; theme_builder_area=&#8221;post_content&#8221;][\/et_pb_divider][et_pb_text _builder_version=&#8221;4.25.1&#8243; _module_preset=&#8221;default&#8221; text_font=&#8221;Noto Serif|700|||||||&#8221; text_text_color=&#8221;#ffffff&#8221; text_font_size=&#8221;70px&#8221; text_line_height=&#8221;1.8em&#8221; header_font=&#8221;Noto Serif|700|||||||&#8221; header_text_color=&#8221;#000000&#8243; header_font_size=&#8221;64px&#8221; header_line_height=&#8221;1.1em&#8221; header_3_font=&#8221;Noto Serif|700|||||||&#8221; header_3_font_size=&#8221;30px&#8221; custom_margin=&#8221;-18px||||false|false&#8221; animation_style=&#8221;slide&#8221; animation_direction=&#8221;bottom&#8221; locked=&#8221;off&#8221; global_colors_info=&#8221;{}&#8221; theme_builder_area=&#8221;post_content&#8221;]<\/p>\n<h3>Warum hier?<\/h3>\n<p>[\/et_pb_text][\/et_pb_column][\/et_pb_row][et_pb_row column_structure=&#8221;1_2,1_2&#8243; use_custom_gutter=&#8221;on&#8221; gutter_width=&#8221;2&#8243; make_equal=&#8221;on&#8221; _builder_version=&#8221;4.25.1&#8243; _module_preset=&#8221;default&#8221; custom_padding=&#8221;||0px|||&#8221; hover_enabled=&#8221;0&#8243; global_colors_info=&#8221;{}&#8221; theme_builder_area=&#8221;post_content&#8221; sticky_enabled=&#8221;0&#8243;][et_pb_column type=&#8221;1_2&#8243; _builder_version=&#8221;4.16&#8243; _module_preset=&#8221;default&#8221; animation_style=&#8221;slide&#8221; animation_direction=&#8221;left&#8221; global_colors_info=&#8221;{}&#8221; theme_builder_area=&#8221;post_content&#8221;][et_pb_image src=&#8221;https:\/\/dalmatinum.com\/wp-content\/uploads\/2024\/06\/IMG-20240607-WA0042.jpg&#8221; title_text=&#8221;IMG-20240607-WA0042&#8243; _builder_version=&#8221;4.25.1&#8243; _module_preset=&#8221;default&#8221; hover_enabled=&#8221;0&#8243; global_colors_info=&#8221;{}&#8221; theme_builder_area=&#8221;post_content&#8221; sticky_enabled=&#8221;0&#8243;][\/et_pb_image][\/et_pb_column][et_pb_column type=&#8221;1_2&#8243; _builder_version=&#8221;4.16&#8243; _module_preset=&#8221;default&#8221; custom_padding=&#8221;27px||27px||true|true&#8221; custom_padding_tablet=&#8221;&#8221; custom_padding_phone=&#8221;&#8221; custom_padding_last_edited=&#8221;on|desktop&#8221; animation_style=&#8221;slide&#8221; animation_direction=&#8221;right&#8221; custom_css_main_element=&#8221;margin:auto;&#8221; global_colors_info=&#8221;{}&#8221; theme_builder_area=&#8221;post_content&#8221;][et_pb_text _builder_version=&#8221;4.25.1&#8243; _module_preset=&#8221;default&#8221; text_font=&#8221;&#8211;et_global_body_font||||||||&#8221; text_text_color=&#8221;#000000&#8243; text_font_size=&#8221;15px&#8221; text_line_height=&#8221;1.8em&#8221; header_4_font=&#8221;IM Fell Great Primer||||||||&#8221; header_4_text_align=&#8221;center&#8221; header_4_font_size=&#8221;26px&#8221; header_4_letter_spacing=&#8221;1px&#8221; header_4_line_height=&#8221;1.1em&#8221; custom_margin=&#8221;||||false|false&#8221; custom_padding=&#8221;|40px||40px|true|true&#8221; custom_padding_tablet=&#8221;&#8221; custom_padding_phone=&#8221;|0px||0px|false|true&#8221; custom_padding_last_edited=&#8221;on|desktop&#8221; animation_style=&#8221;slide&#8221; animation_direction=&#8221;bottom&#8221; hover_enabled=&#8221;0&#8243; text_font_size_tablet=&#8221;15px&#8221; text_font_size_phone=&#8221;14px&#8221; text_font_size_last_edited=&#8221;on|phone&#8221; global_colors_info=&#8221;{}&#8221; theme_builder_area=&#8221;post_content&#8221; sticky_enabled=&#8221;0&#8243;]<\/p>\n<p><span style=\"font-weight: 400;\">Kudin-Br\u00fccke \u00fcber den Fluss Zrmanja. Die Legende der Liebe. Die \u00e4lteste erhaltene kroatische Br\u00fccke, die von einem verliebten jungen Mann, Kuda, in einer speziellen Technik mit 12 Steinb\u00f6gen gebaut wurde, um seine Geliebte auf der anderen Seite zu erreichen.  <\/span><\/p>\n<p><span style=\"font-weight: 400;\">Velebit-Gebirge. Wanderrouten aller Schwierigkeitsgrade und Schwierigkeitsstufen, Freizeitwandern und Klettern.  <\/span><\/p>\n<p><span style=\"font-weight: 400;\">Meister Stasis. Historische Steinstra\u00dfe mit Panoramablick, die in der Vergangenheit Zadar und Wien verband.  <\/span><\/p>\n<p><span style=\"font-weight: 400;\">Tulove Grede. Kalksteinklippen und imposante Felsformationen \u00fcberragen die ber\u00fchmte Bergstra\u00dfe mit Panoramablick auf die K\u00fcstenlinie.<\/span><\/p>\n<p>[\/et_pb_text][\/et_pb_column][\/et_pb_row][et_pb_row column_structure=&#8221;1_2,1_2&#8243; use_custom_gutter=&#8221;on&#8221; gutter_width=&#8221;2&#8243; make_equal=&#8221;on&#8221; _builder_version=&#8221;4.25.1&#8243; _module_preset=&#8221;default&#8221; custom_padding=&#8221;0px||0px|||&#8221; hover_enabled=&#8221;0&#8243; custom_css_main_element=&#8221;display: flex;  ||  flex-wrap: wrap;&#8221; global_colors_info=&#8221;{}&#8221; theme_builder_area=&#8221;post_content&#8221; sticky_enabled=&#8221;0&#8243;][et_pb_column type=&#8221;1_2&#8243; _builder_version=&#8221;4.16&#8243; _module_preset=&#8221;default&#8221; custom_padding=&#8221;27px||27px||true|false&#8221; custom_padding_tablet=&#8221;&#8221; custom_padding_phone=&#8221;&#8221; custom_padding_last_edited=&#8221;on|desktop&#8221; animation_style=&#8221;slide&#8221; animation_direction=&#8221;left&#8221; custom_css_main_element=&#8221;margin:auto;&#8221; global_colors_info=&#8221;{}&#8221; custom_css_main_element_last_edited=&#8221;on|tablet&#8221; custom_css_main_element_tablet=&#8221;order:2;&#8221; custom_css_main_element_phone=&#8221;order:2;&#8221; theme_builder_area=&#8221;post_content&#8221;][et_pb_text _builder_version=&#8221;4.25.1&#8243; _module_preset=&#8221;default&#8221; text_font=&#8221;&#8211;et_global_body_font||||||||&#8221; text_text_color=&#8221;#000000&#8243; text_font_size=&#8221;15px&#8221; text_line_height=&#8221;1.8em&#8221; header_4_font=&#8221;IM Fell Great Primer||||||||&#8221; header_4_text_align=&#8221;center&#8221; header_4_font_size=&#8221;26px&#8221; header_4_letter_spacing=&#8221;1px&#8221; header_4_line_height=&#8221;1.1em&#8221; custom_padding=&#8221;|40px||40px|true|true&#8221; custom_padding_tablet=&#8221;&#8221; custom_padding_phone=&#8221;|0px||0px|false|true&#8221; custom_padding_last_edited=&#8221;on|desktop&#8221; animation_style=&#8221;slide&#8221; animation_direction=&#8221;bottom&#8221; hover_enabled=&#8221;0&#8243; text_font_size_tablet=&#8221;15px&#8221; text_font_size_phone=&#8221;14px&#8221; text_font_size_last_edited=&#8221;on|phone&#8221; global_colors_info=&#8221;{}&#8221; theme_builder_area=&#8221;post_content&#8221; sticky_enabled=&#8221;0&#8243;]<\/p>\n<p><span style=\"font-weight: 400;\">Zadar. Meeresorgeln, historische Denkm\u00e4ler und Nachtleben.  <\/span><\/p>\n<p><span style=\"font-weight: 400;\">Ein reichhaltiges Netz von Radwegen. Routen f\u00fcr die J\u00fcngsten und Profisportler.  <\/span><\/p>\n<p><span style=\"font-weight: 400;\">Kite-Surfen (z.B. in Nin).  <\/span><\/p>\n<p><span style=\"font-weight: 400;\">Boots-, Katamaran- oder F\u00e4hrenausfl\u00fcge zu den vielen angrenzenden Naturparks.  <\/span><\/p>\n<p><span style=\"font-weight: 400;\">\u00c4lteste<\/span><span style=\"font-weight: 400;\"> k\u00f6nigliche Stadt von Nin. <\/span> <\/p>\n<p><span style=\"font-weight: 400;\">Heilschlamm in Nin, wohltuend f\u00fcr den Bewegungsapparat, die Haut und die allgemeine Gesundheit.  <\/span><\/p>\n<p>[\/et_pb_text][\/et_pb_column][et_pb_column type=&#8221;1_2&#8243; _builder_version=&#8221;4.16&#8243; _module_preset=&#8221;default&#8221; animation_style=&#8221;slide&#8221; animation_direction=&#8221;right&#8221; global_colors_info=&#8221;{}&#8221; custom_css_main_element_last_edited=&#8221;on|tablet&#8221; custom_css_main_element_tablet=&#8221;order:1;&#8221; custom_css_main_element_phone=&#8221;order:1;&#8221; theme_builder_area=&#8221;post_content&#8221;][et_pb_image src=&#8221;https:\/\/dalmatinum.com\/wp-content\/uploads\/2024\/06\/IMG-20240607-WA0022-1.jpg&#8221; title_text=&#8221;IMG-20240607-WA0022 (1)&#8221; _builder_version=&#8221;4.25.1&#8243; _module_preset=&#8221;default&#8221; hover_enabled=&#8221;0&#8243; global_colors_info=&#8221;{}&#8221; theme_builder_area=&#8221;post_content&#8221; sticky_enabled=&#8221;0&#8243;][\/et_pb_image][\/et_pb_column][\/et_pb_row][et_pb_row column_structure=&#8221;1_2,1_2&#8243; use_custom_gutter=&#8221;on&#8221; gutter_width=&#8221;2&#8243; make_equal=&#8221;on&#8221; _builder_version=&#8221;4.25.1&#8243; _module_preset=&#8221;default&#8221; width=&#8221;81%&#8221; custom_padding=&#8221;0px||0px|||&#8221; global_colors_info=&#8221;{}&#8221; theme_builder_area=&#8221;post_content&#8221;][et_pb_column type=&#8221;1_2&#8243; _builder_version=&#8221;4.16&#8243; _module_preset=&#8221;default&#8221; animation_style=&#8221;slide&#8221; animation_direction=&#8221;left&#8221; global_colors_info=&#8221;{}&#8221; theme_builder_area=&#8221;post_content&#8221;][et_pb_image src=&#8221;https:\/\/dalmatinum.com\/wp-content\/uploads\/2024\/06\/iStock-1403467457-1.jpg&#8221; title_text=&#8221;TIEFER ANGLE Duftende Lavendelfelder f\u00fchren zu einer alten r\u00f6mischen Kirche in Kroatien&#8221; _builder_version=&#8221;4.25.1&#8243; _module_preset=&#8221;default&#8221; hover_enabled=&#8221;0&#8243; global_colors_info=&#8221;{}&#8221; theme_builder_area=&#8221;post_content&#8221; sticky_enabled=&#8221;0&#8243;][\/et_pb_image][\/et_pb_column][et_pb_column type=&#8221;1_2&#8243; _builder_version=&#8221;4.16&#8243; _module_preset=&#8221;default&#8221; custom_padding=&#8221;27px||27px||true|false&#8221; custom_padding_tablet=&#8221;&#8221; custom_padding_phone=&#8221;&#8221; custom_padding_last_edited=&#8221;on|desktop&#8221; animation_style=&#8221;slide&#8221; animation_direction=&#8221;right&#8221; custom_css_main_element=&#8221;margin:auto;&#8221; global_colors_info=&#8221;{}&#8221; theme_builder_area=&#8221;post_content&#8221;][et_pb_text _builder_version=&#8221;4.25.1&#8243; _module_preset=&#8221;default&#8221; text_font=&#8221;&#8211;et_global_body_font||||||||&#8221; text_text_color=&#8221;#000000&#8243; text_font_size=&#8221;15px&#8221; text_line_height=&#8221;1.8em&#8221; header_4_font=&#8221;IM Fell Great Primer||||||||&#8221; header_4_text_align=&#8221;center&#8221; header_4_font_size=&#8221;26px&#8221; header_4_letter_spacing=&#8221;1px&#8221; header_4_line_height=&#8221;1.1em&#8221; custom_padding=&#8221;|40px||40px|true|true&#8221; custom_padding_tablet=&#8221;&#8221; custom_padding_phone=&#8221;|0px||0px|false|true&#8221; custom_padding_last_edited=&#8221;on|desktop&#8221; animation_style=&#8221;slide&#8221; animation_direction=&#8221;bottom&#8221; hover_enabled=&#8221;0&#8243; text_font_size_tablet=&#8221;15px&#8221; text_font_size_phone=&#8221;14px&#8221; text_font_size_last_edited=&#8221;on|phone&#8221; global_colors_info=&#8221;{}&#8221; theme_builder_area=&#8221;post_content&#8221; sticky_enabled=&#8221;0&#8243;]<\/p>\n<p><span style=\"font-weight: 400;\">Bio-Meersalz und Salzmuseum in Nin. Schon zu Zeiten der R\u00f6mer wurde in den Lagunen der K\u00f6nigsstadt Nin Meersalz gesammelt. Die traditionelle Art des Sammelns, aber auch die Liebe des Menschen zu dieser von der Natur selbst gesteuerten T\u00e4tigkeit, hat bis heute \u00fcberlebt. Auf einer Fl\u00e4che von 55 Hektar wird hier auf umweltfreundliche Weise Salz gewonnen, das von der Sonne aufgeladen und vom Bergwind beduftet wird.  <\/span><\/p>\n<p><span style=\"font-weight: 400;\">Queen&#8217;s Beach. Der l\u00e4ngste Sandstrand Kroatiens.  <\/span><\/p>\n<p>[\/et_pb_text][\/et_pb_column][\/et_pb_row][et_pb_row column_structure=&#8221;1_2,1_2&#8243; use_custom_gutter=&#8221;on&#8221; gutter_width=&#8221;2&#8243; make_equal=&#8221;on&#8221; _builder_version=&#8221;4.25.1&#8243; _module_preset=&#8221;default&#8221; custom_padding=&#8221;0px||0px|||&#8221; hover_enabled=&#8221;0&#8243; custom_css_main_element=&#8221;display: flex;  ||  flex-wrap: wrap;&#8221; global_colors_info=&#8221;{}&#8221; theme_builder_area=&#8221;post_content&#8221; sticky_enabled=&#8221;0&#8243;][et_pb_column type=&#8221;1_2&#8243; _builder_version=&#8221;4.16&#8243; _module_preset=&#8221;default&#8221; custom_padding=&#8221;27px||27px||true|false&#8221; custom_padding_tablet=&#8221;&#8221; custom_padding_phone=&#8221;&#8221; custom_padding_last_edited=&#8221;on|desktop&#8221; animation_style=&#8221;slide&#8221; animation_direction=&#8221;left&#8221; custom_css_main_element=&#8221;margin:auto;&#8221; global_colors_info=&#8221;{}&#8221; custom_css_main_element_last_edited=&#8221;on|tablet&#8221; custom_css_main_element_tablet=&#8221;order:2;&#8221; custom_css_main_element_phone=&#8221;order:2;&#8221; theme_builder_area=&#8221;post_content&#8221;][et_pb_text _builder_version=&#8221;4.25.1&#8243; _module_preset=&#8221;default&#8221; text_font=&#8221;&#8211;et_global_body_font||||||||&#8221; text_text_color=&#8221;#000000&#8243; text_font_size=&#8221;15px&#8221; text_line_height=&#8221;1.8em&#8221; header_4_font=&#8221;IM Fell Great Primer||||||||&#8221; header_4_text_align=&#8221;center&#8221; header_4_font_size=&#8221;26px&#8221; header_4_letter_spacing=&#8221;1px&#8221; header_4_line_height=&#8221;1.1em&#8221; custom_padding=&#8221;|40px||40px|true|true&#8221; custom_padding_tablet=&#8221;&#8221; custom_padding_phone=&#8221;|0px||0px|false|true&#8221; custom_padding_last_edited=&#8221;on|desktop&#8221; animation_style=&#8221;slide&#8221; animation_direction=&#8221;bottom&#8221; hover_enabled=&#8221;0&#8243; text_font_size_tablet=&#8221;15px&#8221; text_font_size_phone=&#8221;14px&#8221; text_font_size_last_edited=&#8221;on|phone&#8221; global_colors_info=&#8221;{}&#8221; theme_builder_area=&#8221;post_content&#8221; sticky_enabled=&#8221;0&#8243;]<\/p>\n<p><span style=\"font-weight: 400;\">Naturpark Telascica. Dugi Otok, Salt Lake Mir und Sakarun. Kroatische Karibik. Wei\u00dfe Sandstr\u00e4nde, die \u00e4ltesten Olivenb\u00e4ume und Naturlehrpfade. T<\/span><span style=\"font-weight: 400;\">ela\u0161\u0107ica ist einer der sch\u00f6nsten und malerischsten Naturorte an der Adria, dank seiner Kulisse aus felsigen Bergr\u00fccken und zahlreichen verstreuten Inseln.<\/span><\/p>\n<p><span style=\"font-weight: 400;\">Kornati-Nationalpark und Krka-Nationalpark. Fl\u00fcsse mit t\u00fcrkisfarbenem Wasser zum Schwimmen und viele Wasserf\u00e4lle.  <\/span><\/p>\n<p><span style=\"font-weight: 400;\">Pag. Eine Insel, die \u00fcber eine Br\u00fccke vom Festland aus erreichbar ist. Traditionelle Herstellung von Spitze und K\u00e4se.<\/span><\/p>\n<p><span style=\"font-weight: 400;\">Historische und pulsierende St\u00e4dte wie Zadar, Split, Sibenik und mehr.<\/span><\/p>\n<p>[\/et_pb_text][\/et_pb_column][et_pb_column type=&#8221;1_2&#8243; _builder_version=&#8221;4.16&#8243; _module_preset=&#8221;default&#8221; animation_style=&#8221;slide&#8221; animation_direction=&#8221;right&#8221; global_colors_info=&#8221;{}&#8221; custom_css_main_element_last_edited=&#8221;on|tablet&#8221; custom_css_main_element_tablet=&#8221;order:1;&#8221; custom_css_main_element_phone=&#8221;order:1;&#8221; theme_builder_area=&#8221;post_content&#8221;][et_pb_image src=&#8221;https:\/\/dalmatinum.com\/wp-content\/uploads\/2024\/06\/iStock-129300056-1.jpeg&#8221; title_text=&#8221;iStock-129300056 (1)&#8221; _builder_version=&#8221;4.25.1&#8243; _module_preset=&#8221;default&#8221; hover_enabled=&#8221;0&#8243; global_colors_info=&#8221;{}&#8221; theme_builder_area=&#8221;post_content&#8221; sticky_enabled=&#8221;0&#8243;][\/et_pb_image][\/et_pb_column][\/et_pb_row][\/et_pb_section]<\/p>\n","protected":false},"excerpt":{"rendered":"<p>Warum Dalmatien?Es sind nicht nur die ausgezeichneten Flugverbindungen und die kurze Fahrstrecke. Es ist auch ein kristallklares Meer mit reichem Unterwasserleben Aber sie sind auch au\u00dfergew\u00f6hnliche Orte, an denen Sie praktisch allein sein k\u00f6nnen (was heutzutage ziemlich selten ist). Und es sind vor allem die Menschen, die der Landschaft ihren unverwechselbaren Charakter verleihen. Ihr Flei\u00df, [&hellip;]<\/p>\n","protected":false},"author":2,"featured_media":0,"parent":0,"menu_order":0,"comment_status":"closed","ping_status":"closed","template":"","meta":{"_et_pb_use_builder":"on","_et_pb_old_content":"","_et_gb_content_width":"","footnotes":""},"class_list":["post-987498320","page","type-page","status-publish","hentry"],"aioseo_notices":[],"_links":{"self":[{"href":"https:\/\/dalmatinum.com\/de\/wp-json\/wp\/v2\/pages\/987498320","targetHints":{"allow":["GET"]}}],"collection":[{"href":"https:\/\/dalmatinum.com\/de\/wp-json\/wp\/v2\/pages"}],"about":[{"href":"https:\/\/dalmatinum.com\/de\/wp-json\/wp\/v2\/types\/page"}],"author":[{"embeddable":true,"href":"https:\/\/dalmatinum.com\/de\/wp-json\/wp\/v2\/users\/2"}],"replies":[{"embeddable":true,"href":"https:\/\/dalmatinum.com\/de\/wp-json\/wp\/v2\/comments?post=987498320"}],"version-history":[{"count":3,"href":"https:\/\/dalmatinum.com\/de\/wp-json\/wp\/v2\/pages\/987498320\/revisions"}],"predecessor-version":[{"id":987498364,"href":"https:\/\/dalmatinum.com\/de\/wp-json\/wp\/v2\/pages\/987498320\/revisions\/987498364"}],"wp:attachment":[{"href":"https:\/\/dalmatinum.com\/de\/wp-json\/wp\/v2\/media?parent=987498320"}],"curies":[{"name":"wp","href":"https:\/\/api.w.org\/{rel}","templated":true}]}}