{"id":987498322,"date":"2024-06-05T12:01:29","date_gmt":"2024-06-05T10:01:29","guid":{"rendered":"https:\/\/dalmatinum.com\/angebot-einer-unterkunft\/"},"modified":"2024-06-07T14:03:50","modified_gmt":"2024-06-07T12:03:50","slug":"angebot-einer-unterkunft","status":"publish","type":"page","link":"https:\/\/dalmatinum.com\/de\/angebot-einer-unterkunft\/","title":{"rendered":"Angebot einer Unterkunft"},"content":{"rendered":"<p>[et_pb_section fb_built=&#8221;1&#8243; _builder_version=&#8221;4.16&#8243; _module_preset=&#8221;default&#8221; background_image=&#8221;https:\/\/elements.duogeeks.com\/wp-content\/uploads\/2020\/11\/image_welcome.png&#8221; background_size=&#8221;contain&#8221; background_position=&#8221;top_left&#8221; da_disable_devices=&#8221;off|off|off&#8221; global_colors_info=&#8221;{}&#8221; da_is_popup=&#8221;off&#8221; da_exit_intent=&#8221;off&#8221; da_has_close=&#8221;on&#8221; da_alt_close=&#8221;off&#8221; da_dark_close=&#8221;off&#8221; da_not_modal=&#8221;on&#8221; da_is_singular=&#8221;off&#8221; da_with_loader=&#8221;off&#8221; da_has_shadow=&#8221;on&#8221;][et_pb_row use_custom_gutter=&#8221;on&#8221; make_equal=&#8221;on&#8221; _builder_version=&#8221;4.25.1&#8243; _module_preset=&#8221;default&#8221; global_colors_info=&#8221;{}&#8221;][et_pb_column type=&#8221;4_4&#8243; _builder_version=&#8221;4.16&#8243; _module_preset=&#8221;default&#8221; global_colors_info=&#8221;{}&#8221;][et_pb_divider color=&#8221;#996699&#8243; divider_weight=&#8221;4px&#8221; _builder_version=&#8221;4.25.1&#8243; _module_preset=&#8221;default&#8221; width=&#8221;17%&#8221; animation_style=&#8221;slide&#8221; animation_direction=&#8221;bottom&#8221; global_colors_info=&#8221;{}&#8221;][\/et_pb_divider][et_pb_text _builder_version=&#8221;4.25.1&#8243; _module_preset=&#8221;default&#8221; text_font=&#8221;Noto Serif|700|||||||&#8221; text_text_color=&#8221;#ffffff&#8221; text_font_size=&#8221;70px&#8221; text_line_height=&#8221;1.8em&#8221; header_font=&#8221;Noto Serif|700|||||||&#8221; header_text_color=&#8221;#000000&#8243; header_font_size=&#8221;64px&#8221; header_line_height=&#8221;1.1em&#8221; header_3_font=&#8221;Noto Serif||||||||&#8221; header_3_font_size=&#8221;30px&#8221; custom_margin=&#8221;-18px||21px||false|false&#8221; animation_style=&#8221;slide&#8221; animation_direction=&#8221;bottom&#8221; locked=&#8221;off&#8221; global_colors_info=&#8221;{}&#8221;]<\/p>\n<h3><b>Nab\u00eddka ubytov\u00e1n\u00ed\u00a0<\/b><\/h3>\n<p>[\/et_pb_text][et_pb_text _builder_version=&#8221;4.25.1&#8243; _module_preset=&#8221;default&#8221; text_font=&#8221;||||||||&#8221; text_text_color=&#8221;#2e2e2e&#8221; text_font_size=&#8221;15px&#8221; text_line_height=&#8221;1.8em&#8221; header_font=&#8221;Noto Serif|700|||||||&#8221; header_text_color=&#8221;#ffffff&#8221; header_font_size=&#8221;64px&#8221; header_line_height=&#8221;1.1em&#8221; animation_style=&#8221;slide&#8221; animation_direction=&#8221;bottom&#8221; hover_enabled=&#8221;0&#8243; locked=&#8221;off&#8221; global_colors_info=&#8221;{}&#8221; text_line_height_last_edited=&#8221;on|phone&#8221; text_line_height_phone=&#8221;1.8em&#8221; sticky_enabled=&#8221;0&#8243; text_line_height_tablet=&#8221;1.8em&#8221;]<\/p>\n<p><span style=\"font-weight: 400;\">Chcete pro\u017e\u00edt svou dovolenou jako robinsoni? Objevovat skryt\u00e9 z\u00e1toky, meditovat a toulat se st\u0159edomo\u0159skou krajinou? Odpo\u010dinout si od v\u0161eho shonu v n\u011bjak\u00e9m tradi\u010dn\u00edm, historick\u00e9m, kamenn\u00e9m dom\u011b? Na m\u00edst\u011b, kter\u00e9 m\u00e1 svou du\u0161i\u2026 A nebo naopak \u017eijete kulturou? Chcete se pono\u0159it do v\u00edru z\u00e1bavy a ve\u010der pak netou\u017e\u00edte po ni\u010dem jin\u00e9m, ne\u017e zaslou\u017een\u00e9m odpo\u010dinku v\u00a0modern\u00ed vile s\u00a0drinkem u baz\u00e9nu? Ka\u017ed\u00fd vedeme jin\u00fd \u017eivot a jsme v\u00a0n\u011bjak\u00e9 \u017eivotn\u00ed f\u00e1zi\u2026 My jsme tady proto, abychom Va\u0161i p\u0159edstavu o ide\u00e1ln\u00ed dovolen\u00e9 prom\u011bnili v\u00a0realitu. Individu\u00e1ln\u00ed p\u0159\u00edstup pro n\u00e1s nen\u00ed jen fr\u00e1ze. Pozorn\u011b naslouch\u00e1me. A p\u0159em\u00fd\u0161l\u00edme. Vdechnout Va\u0161im p\u0159edstav\u00e1m re\u00e1ln\u00fd \u017eivot je na\u0161e radost a na\u0161e posl\u00e1n\u00ed! Nejsme velk\u00e1 neosobn\u00ed agentura. U n\u00e1s se v\u017edycky dovol\u00e1te. Nem\u00e1me zav\u00edra\u010dku. Zn\u00e1me v\u0161echny na\u0161e pronaj\u00edmatele a v\u0161echny na\u0161e hosty. Z\u00a0\u0159ady z\u00a0nich se st\u00e1vaj\u00ed na\u0161i dob\u0159\u00ed p\u0159\u00e1tel\u00e9. Komunikace s\u00a0V\u00e1mi n\u00e1s zkr\u00e1tka t\u011b\u0161\u00ed \ud83d\ude42 A zakl\u00e1d\u00e1me si na tom, \u017ee na\u0161e lidsk\u00e9 slovo plat\u00ed. Milujeme Dalm\u00e1cii a v\u011b\u0159\u00edme, \u017ee to je magick\u00e9 m\u00edsto, kter\u00e9 m\u016f\u017ee sv\u00e9 poklady uk\u00e1zat ka\u017ed\u00e9mu, kdo se r\u00e1d d\u00edv\u00e1 kolem sebe. D\u00edky na\u0161\u00ed skute\u010dn\u00e9 znalosti lokality (i d\u00edky osobn\u00ed p\u0159\u00edtomnosti na m\u00edst\u011b) na\u0161e pr\u00e1ce <\/span><span style=\"font-weight: 400;\">nekon\u010d\u00ed<\/span><span style=\"font-weight: 400;\"> uskute\u010dn\u011bnou rezervac\u00ed. Zaj\u00edm\u00e1 V\u00e1s, kde je aktu\u00e1ln\u011b ryb\u00ed trh, kde p\u016fj\u010dit kolo\/paddleboard, kde nakoupit skute\u010dn\u011b bio produkty, jak \u017ee se tu su\u0161\u00ed ta tradi\u010dn\u00ed \u0161unka a nebo t\u0159eba kam vyrazit na t\u00faru nebo koncert? Jsme tady s\u00a0chut\u00ed pro V\u00e1s a na p\u0159\u00edjmu. <\/span><\/p>\n<p>[\/et_pb_text][\/et_pb_column][\/et_pb_row][\/et_pb_section][et_pb_section fb_built=&#8221;1&#8243; _builder_version=&#8221;4.25.1&#8243; _module_preset=&#8221;default&#8221; da_disable_devices=&#8221;off|off|off&#8221; global_colors_info=&#8221;{}&#8221; da_is_popup=&#8221;off&#8221; da_exit_intent=&#8221;off&#8221; da_has_close=&#8221;on&#8221; da_alt_close=&#8221;off&#8221; da_dark_close=&#8221;off&#8221; da_not_modal=&#8221;on&#8221; da_is_singular=&#8221;off&#8221; da_with_loader=&#8221;off&#8221; da_has_shadow=&#8221;on&#8221;][et_pb_row _builder_version=&#8221;4.25.1&#8243; _module_preset=&#8221;default&#8221; global_colors_info=&#8221;{}&#8221;][et_pb_column type=&#8221;4_4&#8243; _builder_version=&#8221;4.25.1&#8243; _module_preset=&#8221;default&#8221; global_colors_info=&#8221;{}&#8221;][et_pb_code _builder_version=&#8221;4.25.1&#8243; _module_preset=&#8221;default&#8221; global_colors_info=&#8221;{}&#8221;]<div class=\"lsd-skin-wrapper lsd-grid-view-wrapper lsd-search-position-top  lsd-style-style1 lsd-font-m\" id=\"lsd_skin987497606\" data-next-page=\"2\">\r\n\r\n    <div class=\"lsd-search lsd-search-style-default lsd-search-default-style\" id=\"lsd_search_987497601\">\r\n\r\n        <form action=\"https:\/\/dalmatinum.com\/de\/ferienhaus-eda\/\" class=\"lsd-search-form\">\r\n        <div class=\"lsd-search-row \"><div class=\"lsd-row\"><div class=\"lsd-search-filter lsd-col-3\"><label for=\"lsd_search_987497601_listdom-category\">Typ m\u00edsta<\/label><select class=\"listdom-category\" name=\"sf-listdom-category\" id=\"lsd_search_987497601_listdom-category\" placeholder=\"Typ m\u00edsta\"><option value=\"\">Typ m\u00edsta<\/option><\/select><\/div><div class=\"lsd-search-filter lsd-col-3\"><label for=\"lsd_search_987497601_listdom-location\">Baz\u00e9n<\/label><select class=\"listdom-location\" name=\"sf-listdom-location\" id=\"lsd_search_987497601_listdom-location\" placeholder=\"Baz\u00e9n\"><option value=\"\">Baz\u00e9n<\/option><\/select><\/div><div class=\"lsd-search-filter lsd-col-3\"><label for=\"lsd_search_987497601_listdom-tag\">Zv\u00ed\u0159ata<\/label><select class=\"listdom-tag\" name=\"sf-listdom-tag\" id=\"lsd_search_987497601_listdom-tag\" placeholder=\"Zv\u00ed\u0159ata\"><option value=\"\">Zv\u00ed\u0159ata<\/option><\/select><\/div><div class=\"lsd-search-buttons lsd-col-3\"><input type=\"hidden\" name=\"sf-shortcode\" value=\"987497606\"><div class=\"lsd-search-buttons-submit\"><button type=\"submit\" class=\"lsd-search-button lsd-color-m-bg lsd-color-white-txt\">Search<\/button><\/div><\/div><\/div><\/div>    <\/form>\r\n    \r\n<\/div>\r\n\r\n    <div class=\"lsd-list-wrapper\">\r\n        \r\n        \r\n        \r\n        <div class=\"lsd-grid-view-listings-wrapper lsd-viewstyle-grid\">\r\n            <div class=\"lsd-listing-wrapper lsd-grid lsd-g-3-columns\">\r\n                <div>\r\n    <div class=\"lsd-listing\">\r\n\r\n                    <div class=\"lsd-listing-image lsd-has-image\">\r\n                <a data-listing-id=\"987498330\" class=\"lsd-cover-img-wrapper lsd-has-image\" href=\"https:\/\/dalmatinum.com\/de\/nabidka-ubytovani\/villa-maestral\/\">\r\n    <img loading=\"lazy\" decoding=\"async\" width=\"325\" height=\"244\" src=\"https:\/\/dalmatinum.com\/wp-content\/uploads\/2024\/06\/DJI_0425-HDR.jpg\" class=\"attachment-325x250 size-325x250 wp-post-image\" alt=\"\" \/><\/a>\r\n            <\/div>\r\n        \r\n        <div class=\"lsd-listing-body\">\r\n\r\n            \r\n                                        \r\n            <div class=\"lsd-listing-title-wrapper\">\r\n                                    <h3 class=\"lsd-listing-title\">\r\n                        <a data-listing-id=\"987498330\" href=\"https:\/\/dalmatinum.com\/de\/nabidka-ubytovani\/villa-maestral\/\">Villa Maestral<\/a>                    <\/h3>\r\n                                <div class=\"lsd-listing-icons-wrapper\">\r\n                                                                                                                                                <\/div>\r\n            <\/div>\r\n\r\n                            <div class=\"lsd-listing-address\">\r\n                                    <\/div>\r\n            \r\n            \r\n                            <div class=\"lsd-listing-contact-info\">\r\n                                    <\/div>\r\n            \r\n            <div class=\"lsd-listing-bottom-bar\">\r\n                                                    <div class=\"lsd-listing-price\">\r\n                                            <\/div>\r\n                            <\/div>\r\n\r\n        <\/div>\r\n    <\/div>\r\n<\/div>\r\n<div>\r\n    <div class=\"lsd-listing\">\r\n\r\n                    <div class=\"lsd-listing-image lsd-has-image\">\r\n                <a data-listing-id=\"987498329\" class=\"lsd-cover-img-wrapper lsd-has-image\" href=\"https:\/\/dalmatinum.com\/de\/nabidka-ubytovani\/ferienhaus-altstadt\/\">\r\n    <img loading=\"lazy\" decoding=\"async\" width=\"325\" height=\"217\" src=\"https:\/\/dalmatinum.com\/wp-content\/uploads\/2024\/06\/IMG_7444.jpg\" class=\"attachment-325x250 size-325x250 wp-post-image\" alt=\"\" \/><\/a>\r\n            <\/div>\r\n        \r\n        <div class=\"lsd-listing-body\">\r\n\r\n            \r\n                                        \r\n            <div class=\"lsd-listing-title-wrapper\">\r\n                                    <h3 class=\"lsd-listing-title\">\r\n                        <a data-listing-id=\"987498329\" href=\"https:\/\/dalmatinum.com\/de\/nabidka-ubytovani\/ferienhaus-altstadt\/\">Ferienhaus Altstadt<\/a>                    <\/h3>\r\n                                <div class=\"lsd-listing-icons-wrapper\">\r\n                                                                                                                                                <\/div>\r\n            <\/div>\r\n\r\n                            <div class=\"lsd-listing-address\">\r\n                                    <\/div>\r\n            \r\n            \r\n                            <div class=\"lsd-listing-contact-info\">\r\n                                    <\/div>\r\n            \r\n            <div class=\"lsd-listing-bottom-bar\">\r\n                                                    <div class=\"lsd-listing-price\">\r\n                                            <\/div>\r\n                            <\/div>\r\n\r\n        <\/div>\r\n    <\/div>\r\n<\/div>\r\n<div>\r\n    <div class=\"lsd-listing\">\r\n\r\n                    <div class=\"lsd-listing-image lsd-has-image\">\r\n                <a data-listing-id=\"987498327\" class=\"lsd-cover-img-wrapper lsd-has-image\" href=\"https:\/\/dalmatinum.com\/de\/nabidka-ubytovani\/ferienhaus-eda\/\">\r\n    <img loading=\"lazy\" decoding=\"async\" width=\"325\" height=\"217\" src=\"https:\/\/dalmatinum.com\/wp-content\/uploads\/2024\/06\/front-1-1.jpg\" class=\"attachment-325x250 size-325x250 wp-post-image\" alt=\"\" \/><\/a>\r\n            <\/div>\r\n        \r\n        <div class=\"lsd-listing-body\">\r\n\r\n            \r\n                                        \r\n            <div class=\"lsd-listing-title-wrapper\">\r\n                                    <h3 class=\"lsd-listing-title\">\r\n                        <a data-listing-id=\"987498327\" href=\"https:\/\/dalmatinum.com\/de\/nabidka-ubytovani\/ferienhaus-eda\/\">Ferienhaus Eda<\/a>                    <\/h3>\r\n                                <div class=\"lsd-listing-icons-wrapper\">\r\n                                                                                                                                                <\/div>\r\n            <\/div>\r\n\r\n                            <div class=\"lsd-listing-address\">\r\n                                    <\/div>\r\n            \r\n            \r\n                            <div class=\"lsd-listing-contact-info\">\r\n                                    <\/div>\r\n            \r\n            <div class=\"lsd-listing-bottom-bar\">\r\n                                                    <div class=\"lsd-listing-price\">\r\n                                            <\/div>\r\n                            <\/div>\r\n\r\n        <\/div>\r\n    <\/div>\r\n<\/div>\r\n            <\/div>\r\n        <\/div>\r\n\r\n        <div class=\"lsd-load-more-wrapper\">\r\n    <div class=\"lsd-load-more\">\r\n\t\t<span class=\"lsd-load-more-text lsd-color-m-bg lsd-color-white-txt\">\r\n\t\t\t<span class=\"lsd-load-more-title\">Load More<\/span>\r\n\t\t\t<span class=\"lsd-load-more-spinner\"><i class=\"lsd-icon fa fa-circle-notch fa-spin fa-3x fa-fw\"><\/i><\/span>\r\n\t\t<\/span>\r\n    <\/div>\r\n<\/div>\r\n            <\/div>\r\n    \r\n    <\/div>[\/et_pb_code][\/et_pb_column][\/et_pb_row][\/et_pb_section]<\/p>\n","protected":false},"excerpt":{"rendered":"<p>[et_pb_section fb_built=&#8221;1&#8243; _builder_version=&#8221;4.16&#8243; _module_preset=&#8221;default&#8221; background_image=&#8221;https:\/\/elements.duogeeks.com\/wp-content\/uploads\/2020\/11\/image_welcome.png&#8221; background_size=&#8221;contain&#8221; background_position=&#8221;top_left&#8221; da_disable_devices=&#8221;off|off|off&#8221; global_colors_info=&#8221;{}&#8221; da_is_popup=&#8221;off&#8221; da_exit_intent=&#8221;off&#8221; da_has_close=&#8221;on&#8221; da_alt_close=&#8221;off&#8221; da_dark_close=&#8221;off&#8221; da_not_modal=&#8221;on&#8221; da_is_singular=&#8221;off&#8221; da_with_loader=&#8221;off&#8221; da_has_shadow=&#8221;on&#8221;][et_pb_row use_custom_gutter=&#8221;on&#8221; make_equal=&#8221;on&#8221; _builder_version=&#8221;4.25.1&#8243; _module_preset=&#8221;default&#8221; global_colors_info=&#8221;{}&#8221;][et_pb_column type=&#8221;4_4&#8243; _builder_version=&#8221;4.16&#8243; _module_preset=&#8221;default&#8221; global_colors_info=&#8221;{}&#8221;][et_pb_divider color=&#8221;#996699&#8243; divider_weight=&#8221;4px&#8221; _builder_version=&#8221;4.25.1&#8243; _module_preset=&#8221;default&#8221; width=&#8221;17%&#8221; animation_style=&#8221;slide&#8221; animation_direction=&#8221;bottom&#8221; global_colors_info=&#8221;{}&#8221;][\/et_pb_divider][et_pb_text _builder_version=&#8221;4.25.1&#8243; _module_preset=&#8221;default&#8221; text_font=&#8221;Noto Serif|700|||||||&#8221; text_text_color=&#8221;#ffffff&#8221; text_font_size=&#8221;70px&#8221; text_line_height=&#8221;1.8em&#8221; header_font=&#8221;Noto Serif|700|||||||&#8221; header_text_color=&#8221;#000000&#8243; header_font_size=&#8221;64px&#8221; header_line_height=&#8221;1.1em&#8221; header_3_font=&#8221;Noto Serif||||||||&#8221; header_3_font_size=&#8221;30px&#8221; custom_margin=&#8221;-18px||21px||false|false&#8221; animation_style=&#8221;slide&#8221; animation_direction=&#8221;bottom&#8221; locked=&#8221;off&#8221; global_colors_info=&#8221;{}&#8221;] [&hellip;]<\/p>\n","protected":false},"author":2,"featured_media":0,"parent":0,"menu_order":0,"comment_status":"closed","ping_status":"closed","template":"","meta":{"_et_pb_use_builder":"on","_et_pb_old_content":"","_et_gb_content_width":"","footnotes":""},"class_list":["post-987498322","page","type-page","status-publish","hentry"],"aioseo_notices":[],"_links":{"self":[{"href":"https:\/\/dalmatinum.com\/de\/wp-json\/wp\/v2\/pages\/987498322","targetHints":{"allow":["GET"]}}],"collection":[{"href":"https:\/\/dalmatinum.com\/de\/wp-json\/wp\/v2\/pages"}],"about":[{"href":"https:\/\/dalmatinum.com\/de\/wp-json\/wp\/v2\/types\/page"}],"author":[{"embeddable":true,"href":"https:\/\/dalmatinum.com\/de\/wp-json\/wp\/v2\/users\/2"}],"replies":[{"embeddable":true,"href":"https:\/\/dalmatinum.com\/de\/wp-json\/wp\/v2\/comments?post=987498322"}],"version-history":[{"count":1,"href":"https:\/\/dalmatinum.com\/de\/wp-json\/wp\/v2\/pages\/987498322\/revisions"}],"predecessor-version":[{"id":987498323,"href":"https:\/\/dalmatinum.com\/de\/wp-json\/wp\/v2\/pages\/987498322\/revisions\/987498323"}],"wp:attachment":[{"href":"https:\/\/dalmatinum.com\/de\/wp-json\/wp\/v2\/media?parent=987498322"}],"curies":[{"name":"wp","href":"https:\/\/api.w.org\/{rel}","templated":true}]}}